{"id":876,"date":"2014-02-07T16:38:02","date_gmt":"2014-02-07T22:38:02","guid":{"rendered":"http:\/\/www.dallasbishopsappeal.com\/?page_id=876"},"modified":"2019-02-20T15:27:49","modified_gmt":"2019-02-20T21:27:49","slug":"recursos-parroquiales","status":"publish","type":"page","link":"https:\/\/dallasbishopsappeal.com\/es\/recursos-parroquiales\/","title":{"rendered":"Recursos Parroquiales"},"content":{"rendered":"<p>Le pedimos que promueva la Campa\u00f1a Anual del Obispo en su parroquia utilizando estos recursos en su bolet\u00edn parroquial, avisos durante la Misa y sitio web.<\/p>\n<p>Para obtener informaci\u00f3n adicional acerca de los recursos parroquiales, p\u00f3ngase en contacto con Matt Nevitt (<a href=\"mailto:mnevitt@cathdal.org\" target=\"_blank\" rel=\"noopener\">mnevitt@cathdal.org<\/a>).<\/p>\n<hr \/>\n<h2 align=\"center\">\u00a0Documentos:<\/h2>\n<h3 align=\"center\">Liderazgo Parroquial Manual Para La Campa\u00f1a 2019<\/h3>\n<p>\u200b<\/p>\n<table style=\"line-height: 1.5;\">\n<thead>\n<tr>\n<th>\n<h4>English (PDF)<\/h4>\n<\/th>\n<th>\n<h4>Espa\u00f1ol (PDF)<\/h4>\n<\/th>\n<\/tr>\n<tr>\n<td style=\"width: 250px;\"><a href=\"https:\/\/dallasbishopsappeal.com\/wp-content\/uploads\/2019\/02\/2019-Parish-Leadership-Manual-ENG.pdf\" target=\"_blank\" rel=\"nooopener noopener\"><img class=\"aligncenter wp-image-1834 size-thumbnail\" src=\"https:\/\/dallasbishopsappeal.com\/wp-content\/uploads\/2019\/01\/2019-Parish-Leadership-Manual-150x150.png\" alt=\"\" width=\"150\" height=\"150\" \/><\/a><\/td>\n<td style=\"width: 250px;\"><a href=\"https:\/\/dallasbishopsappeal.com\/wp-content\/uploads\/2019\/01\/2019-Parish-Leadership-Manual-Spanish.pdf\" target=\"_blank\" rel=\"noopener\"><img class=\"aligncenter wp-image-1831 size-thumbnail\" src=\"https:\/\/dallasbishopsappeal.com\/wp-content\/uploads\/2019\/01\/2019-Parish-Leadership-Manual-Spanish-150x150.png\" alt=\"\" width=\"150\" height=\"150\" \/><\/a><\/td>\n<\/tr>\n<\/thead>\n<\/table>\n<h3 align=\"center\"><\/h3>\n<table style=\"line-height: 1.5;\">\n<thead>\n<tr>\n<th>\n<h4>English (Word Doc)<\/h4>\n<\/th>\n<th>\n<h4>Espa\u00f1ol (Word Doc)<\/h4>\n<\/th>\n<\/tr>\n<tr>\n<td style=\"width: 250px;\"><a href=\"https:\/\/dallasbishopsappeal.com\/wp-content\/uploads\/2019\/02\/2019-Parish-Leadership-Manual-ENG.doc\" target=\"_blank\" rel=\"noopener\"><img class=\"aligncenter wp-image-1834 size-thumbnail\" src=\"https:\/\/dallasbishopsappeal.com\/wp-content\/uploads\/2019\/01\/2019-Parish-Leadership-Manual-150x150.png\" alt=\"\" width=\"150\" height=\"150\" \/><\/a><\/td>\n<td style=\"width: 250px;\"><a href=\"https:\/\/dallasbishopsappeal.com\/wp-content\/uploads\/2019\/02\/2019-Parish-Leadership-Manual-ESP.doc\" target=\"_blank\" rel=\"noopener\"><img class=\"aligncenter wp-image-1831 size-thumbnail\" src=\"https:\/\/dallasbishopsappeal.com\/wp-content\/uploads\/2019\/01\/2019-Parish-Leadership-Manual-Spanish-150x150.png\" alt=\"\" width=\"150\" height=\"150\" \/><\/a><\/td>\n<\/tr>\n<\/thead>\n<\/table>\n<h3 align=\"center\">la Homil\u00eda del Obispo 2019<\/h3>\n<table style=\"line-height: 1.5;\">\n<thead>\n<tr>\n<th>\n<h4>English Video<\/h4>\n<\/th>\n<th>\n<h4>Video Espa\u00f1ol<\/h4>\n<\/th>\n<\/tr>\n<tr>\n<td style=\"width: 250px;\"><a href=\"https:\/\/vimeo.com\/317577029\" target=\"_blank\" rel=\"noopener\"><img class=\"aligncenter wp-image-1893 size-full\" src=\"https:\/\/dallasbishopsappeal.com\/wp-content\/uploads\/2019\/01\/2019-BAA-Message-Website-Thumbnail-e1550696593559.jpg\" alt=\"\" width=\"129\" height=\"70\" \/><\/a><\/td>\n<td style=\"width: 250px;\"><a href=\"https:\/\/vimeo.com\/317577146\" target=\"_blank\" rel=\"noopener\"><img class=\"aligncenter wp-image-1893 size-full\" src=\"https:\/\/dallasbishopsappeal.com\/wp-content\/uploads\/2019\/01\/2019-BAA-Message-Website-Thumbnail-e1550696593559.jpg\" alt=\"\" width=\"129\" height=\"70\" \/><\/a><\/td>\n<\/tr>\n<\/thead>\n<\/table>\n<table style=\"line-height: 1.5;\">\n<thead>\n<tr>\n<th>\n<h4>English Audio<\/h4>\n<\/th>\n<th>\n<h4>Audio Espa\u00f1ol<\/h4>\n<\/th>\n<\/tr>\n<tr>\n<td style=\"width: 250px;\"><\/td>\n<td style=\"width: 250px;\">\n<h4 style=\"text-align: center;\"><a href=\"https:\/\/dallasbishopsappeal.com\/wp-content\/uploads\/2019\/02\/Bishops-Appeal-2019-SP-Audio.mp3\">2019 Homilia (mp3)<\/a><\/h4>\n<\/td>\n<\/tr>\n<\/thead>\n<\/table>\n<h3 align=\"center\">Otros Documentos<\/h3>\n<table style=\"line-height: 1.5; height: 147px;\" width=\"505\">\n<thead>\n<tr>\n<th>\n<h4>English<\/h4>\n<\/th>\n<th>\n<h4>Espa\u00f1ol<\/h4>\n<\/th>\n<\/tr>\n<tr>\n<td style=\"width: 250px;\"><a href=\"https:\/\/dallasbishopsappeal.com\/wp-content\/uploads\/2019\/01\/2019-BAA-Solicitation-Bifold-Brochure-English.pdf\" target=\"_blank\" rel=\"noopener\"><img class=\"aligncenter wp-image-1906 size-full\" src=\"https:\/\/dallasbishopsappeal.com\/wp-content\/uploads\/2019\/01\/2019-BAA-Bifold-Brochure-English.png\" alt=\"\" width=\"4627\" height=\"3650\" srcset=\"https:\/\/dallasbishopsappeal.com\/wp-content\/uploads\/2019\/01\/2019-BAA-Bifold-Brochure-English.png 4627w, https:\/\/dallasbishopsappeal.com\/wp-content\/uploads\/2019\/01\/2019-BAA-Bifold-Brochure-English-300x237.png 300w, https:\/\/dallasbishopsappeal.com\/wp-content\/uploads\/2019\/01\/2019-BAA-Bifold-Brochure-English-768x606.png 768w, https:\/\/dallasbishopsappeal.com\/wp-content\/uploads\/2019\/01\/2019-BAA-Bifold-Brochure-English-1024x808.png 1024w\" sizes=\"(max-width: 4627px) 100vw, 4627px\" \/><\/a><\/td>\n<td style=\"width: 250px;\"><a href=\"https:\/\/dallasbishopsappeal.com\/wp-content\/uploads\/2019\/01\/2019-BAA-Solicitation-Bifold-Brochure-Spanish.pdf\" target=\"_blank\" rel=\"noopener\"><img class=\"aligncenter wp-image-1908 size-full\" src=\"https:\/\/dallasbishopsappeal.com\/wp-content\/uploads\/2019\/01\/2019-BAA-Bifold-Brochure-Spanish.png\" alt=\"\" width=\"2675\" height=\"2110\" srcset=\"https:\/\/dallasbishopsappeal.com\/wp-content\/uploads\/2019\/01\/2019-BAA-Bifold-Brochure-Spanish.png 2675w, https:\/\/dallasbishopsappeal.com\/wp-content\/uploads\/2019\/01\/2019-BAA-Bifold-Brochure-Spanish-300x237.png 300w, https:\/\/dallasbishopsappeal.com\/wp-content\/uploads\/2019\/01\/2019-BAA-Bifold-Brochure-Spanish-768x606.png 768w, https:\/\/dallasbishopsappeal.com\/wp-content\/uploads\/2019\/01\/2019-BAA-Bifold-Brochure-Spanish-1024x808.png 1024w\" sizes=\"(max-width: 2675px) 100vw, 2675px\" \/><\/a><\/td>\n<\/tr>\n<\/thead>\n<\/table>\n<h4><\/h4>\n<table>\n<tbody>\n<tr>\n<td style=\"width: 50%;\"><a href=\"http:\/\/dallasbishopsappeal.com\/wp-content\/uploads\/2017\/12\/BAA-Logo-black.png\"><img src=\"https:\/\/dallasbishopsappeal.com\/wp-content\/uploads\/2017\/12\/BAA-Logo-black-001.jpg\" \/><\/a><\/td>\n<td style=\"width: 50%;\"><a href=\"http:\/\/dallasbishopsappeal.com\/wp-content\/uploads\/2017\/12\/BAA-Logo-black-ES.png\"><img src=\"https:\/\/dallasbishopsappeal.com\/wp-content\/uploads\/2017\/12\/BAA-Logo-black-ES-001.jpg\" \/><\/a><\/td>\n<\/tr>\n<tr>\n<td style=\"width: 50%;\"><a href=\"http:\/\/dallasbishopsappeal.com\/wp-content\/uploads\/2017\/12\/BAA-Logo-black.jpg\"><img src=\"https:\/\/dallasbishopsappeal.com\/wp-content\/uploads\/2017\/12\/BAA-Logo-black-002.jpg\" \/><\/a><\/td>\n<td style=\"width: 50%;\"><a href=\"http:\/\/dallasbishopsappeal.com\/wp-content\/uploads\/2017\/12\/BAA-Logo-black-ES.jpg\"><img src=\"https:\/\/dallasbishopsappeal.com\/wp-content\/uploads\/2017\/12\/BAA-Logo-black-ES-002.jpg\" \/><\/a><\/td>\n<\/tr>\n<tr>\n<td style=\"width: 50%;\"><a href=\"http:\/\/dallasbishopsappeal.com\/wp-content\/uploads\/2017\/12\/BAA-Logo-fullcolor.png\"><img src=\"https:\/\/dallasbishopsappeal.com\/wp-content\/uploads\/2017\/12\/BAA-Logo-fullcolor-001.jpg\" \/><\/a><\/td>\n<td style=\"width: 50%;\"><a href=\"http:\/\/dallasbishopsappeal.com\/wp-content\/uploads\/2017\/12\/BAA-Logo-fullcolor-ES.png\"><img src=\"https:\/\/dallasbishopsappeal.com\/wp-content\/uploads\/2017\/12\/BAA-Logo-fullcolor-ES-001.jpg\" \/><\/a><\/td>\n<\/tr>\n<tr>\n<td style=\"width: 50%;\"><a href=\"http:\/\/dallasbishopsappeal.com\/wp-content\/uploads\/2017\/12\/BAA-Logo-fullcolor.jpg\"><img src=\"https:\/\/dallasbishopsappeal.com\/wp-content\/uploads\/2017\/12\/BAA-Logo-fullcolor-002.jpg\" \/><\/a><\/td>\n<td style=\"width: 50%;\"><a href=\"http:\/\/dallasbishopsappeal.com\/wp-content\/uploads\/2017\/12\/BAA-Logo-fullcolor-ES.jpg\"><img src=\"https:\/\/dallasbishopsappeal.com\/wp-content\/uploads\/2017\/12\/BAA-Logo-fullcolor-ES-002.jpg\" \/><\/a><\/td>\n<\/tr>\n<\/tbody>\n<\/table>\n<h2 align=\"center\"><\/h2>\n","protected":false},"excerpt":{"rendered":"<p>Le pedimos que promueva la Campa\u00f1a Anual del Obispo en su parroquia utilizando estos recursos en su bolet\u00edn parroquial, avisos&#8230;<\/p>\n","protected":false},"author":13,"featured_media":24537,"parent":0,"menu_order":0,"comment_status":"closed","ping_status":"closed","template":"","meta":{"footnotes":""},"class_list":["post-876","page","type-page","status-publish","has-post-thumbnail"],"yoast_head":"<!-- This site is optimized with the Yoast SEO plugin v26.3 - https:\/\/yoast.com\/wordpress\/plugins\/seo\/ -->\n<title>Recursos Parroquiales - Campa\u00f1a Anual del Obispo para Ministerios Cat\u00f3licos de la Di\u00f3cesis Cat\u00f3lica de Dallas<\/title>\n<meta name=\"robots\" content=\"index, follow, max-snippet:-1, max-image-preview:large, max-video-preview:-1\" \/>\n<link rel=\"canonical\" href=\"https:\/\/dallasbishopsappeal.com\/es\/recursos-parroquiales\/\" \/>\n<meta property=\"og:locale\" content=\"es_ES\" \/>\n<meta property=\"og:type\" content=\"article\" \/>\n<meta property=\"og:title\" content=\"Recursos Parroquiales - Campa\u00f1a Anual del Obispo para Ministerios Cat\u00f3licos de la Di\u00f3cesis Cat\u00f3lica de Dallas\" \/>\n<meta property=\"og:description\" content=\"Le pedimos que promueva la Campa\u00f1a Anual del Obispo en su parroquia utilizando estos recursos en su bolet\u00edn parroquial, avisos...\" \/>\n<meta property=\"og:url\" content=\"https:\/\/dallasbishopsappeal.com\/es\/recursos-parroquiales\/\" \/>\n<meta property=\"og:site_name\" content=\"Campa\u00f1a Anual del Obispo para Ministerios Cat\u00f3licos de la Di\u00f3cesis Cat\u00f3lica de Dallas\" \/>\n<meta property=\"article:modified_time\" content=\"2019-02-20T21:27:49+00:00\" \/>\n<meta property=\"og:image\" content=\"https:\/\/dallasbishopsappeal.com\/wp-content\/uploads\/2019\/01\/2019-Parish-Leadership-Manual-150x150.png\" \/>\n<meta name=\"twitter:card\" content=\"summary_large_image\" \/>\n<script type=\"application\/ld+json\" class=\"yoast-schema-graph\">{\"@context\":\"https:\/\/schema.org\",\"@graph\":[{\"@type\":\"WebPage\",\"@id\":\"https:\/\/dallasbishopsappeal.com\/es\/recursos-parroquiales\/\",\"url\":\"https:\/\/dallasbishopsappeal.com\/es\/recursos-parroquiales\/\",\"name\":\"Recursos Parroquiales - Campa\u00f1a Anual del Obispo para Ministerios Cat\u00f3licos de la Di\u00f3cesis Cat\u00f3lica de Dallas\",\"isPartOf\":{\"@id\":\"https:\/\/dallasbishopsappeal.com\/es\/#website\"},\"primaryImageOfPage\":{\"@id\":\"https:\/\/dallasbishopsappeal.com\/es\/recursos-parroquiales\/#primaryimage\"},\"image\":{\"@id\":\"https:\/\/dallasbishopsappeal.com\/es\/recursos-parroquiales\/#primaryimage\"},\"thumbnailUrl\":\"https:\/\/dallasbishopsappeal.com\/wp-content\/uploads\/2017\/12\/BAA-Logo-fullcolor-1.png\",\"datePublished\":\"2014-02-07T22:38:02+00:00\",\"dateModified\":\"2019-02-20T21:27:49+00:00\",\"breadcrumb\":{\"@id\":\"https:\/\/dallasbishopsappeal.com\/es\/recursos-parroquiales\/#breadcrumb\"},\"inLanguage\":\"es\",\"potentialAction\":[{\"@type\":\"ReadAction\",\"target\":[\"https:\/\/dallasbishopsappeal.com\/es\/recursos-parroquiales\/\"]}]},{\"@type\":\"ImageObject\",\"inLanguage\":\"es\",\"@id\":\"https:\/\/dallasbishopsappeal.com\/es\/recursos-parroquiales\/#primaryimage\",\"url\":\"https:\/\/dallasbishopsappeal.com\/wp-content\/uploads\/2017\/12\/BAA-Logo-fullcolor-1.png\",\"contentUrl\":\"https:\/\/dallasbishopsappeal.com\/wp-content\/uploads\/2017\/12\/BAA-Logo-fullcolor-1.png\",\"width\":500,\"height\":371},{\"@type\":\"BreadcrumbList\",\"@id\":\"https:\/\/dallasbishopsappeal.com\/es\/recursos-parroquiales\/#breadcrumb\",\"itemListElement\":[{\"@type\":\"ListItem\",\"position\":1,\"name\":\"Home\",\"item\":\"https:\/\/dallasbishopsappeal.com\/es\/\"},{\"@type\":\"ListItem\",\"position\":2,\"name\":\"Recursos Parroquiales\"}]},{\"@type\":\"WebSite\",\"@id\":\"https:\/\/dallasbishopsappeal.com\/es\/#website\",\"url\":\"https:\/\/dallasbishopsappeal.com\/es\/\",\"name\":\"Bishop's Annual Appeal for Catholic Ministries\",\"description\":\"\",\"publisher\":{\"@id\":\"https:\/\/dallasbishopsappeal.com\/es\/#organization\"},\"potentialAction\":[{\"@type\":\"SearchAction\",\"target\":{\"@type\":\"EntryPoint\",\"urlTemplate\":\"https:\/\/dallasbishopsappeal.com\/es\/?s={search_term_string}\"},\"query-input\":{\"@type\":\"PropertyValueSpecification\",\"valueRequired\":true,\"valueName\":\"search_term_string\"}}],\"inLanguage\":\"es\"},{\"@type\":\"Organization\",\"@id\":\"https:\/\/dallasbishopsappeal.com\/es\/#organization\",\"name\":\"Bishop's Annual Appeal for Catholic Ministries\",\"url\":\"https:\/\/dallasbishopsappeal.com\/es\/\",\"logo\":{\"@type\":\"ImageObject\",\"inLanguage\":\"es\",\"@id\":\"https:\/\/dallasbishopsappeal.com\/es\/#\/schema\/logo\/image\/\",\"url\":\"https:\/\/dallasbishopsappeal.com\/wp-content\/uploads\/2017\/12\/BAA-Logo-fullcolor.png\",\"contentUrl\":\"https:\/\/dallasbishopsappeal.com\/wp-content\/uploads\/2017\/12\/BAA-Logo-fullcolor.png\",\"width\":500,\"height\":371,\"caption\":\"Bishop's Annual Appeal for Catholic Ministries\"},\"image\":{\"@id\":\"https:\/\/dallasbishopsappeal.com\/es\/#\/schema\/logo\/image\/\"}}]}<\/script>\n<!-- \/ Yoast SEO plugin. -->","yoast_head_json":{"title":"Recursos Parroquiales - Campa\u00f1a Anual del Obispo para Ministerios Cat\u00f3licos de la Di\u00f3cesis Cat\u00f3lica de Dallas","robots":{"index":"index","follow":"follow","max-snippet":"max-snippet:-1","max-image-preview":"max-image-preview:large","max-video-preview":"max-video-preview:-1"},"canonical":"https:\/\/dallasbishopsappeal.com\/es\/recursos-parroquiales\/","og_locale":"es_ES","og_type":"article","og_title":"Recursos Parroquiales - Campa\u00f1a Anual del Obispo para Ministerios Cat\u00f3licos de la Di\u00f3cesis Cat\u00f3lica de Dallas","og_description":"Le pedimos que promueva la Campa\u00f1a Anual del Obispo en su parroquia utilizando estos recursos en su bolet\u00edn parroquial, avisos...","og_url":"https:\/\/dallasbishopsappeal.com\/es\/recursos-parroquiales\/","og_site_name":"Campa\u00f1a Anual del Obispo para Ministerios Cat\u00f3licos de la Di\u00f3cesis Cat\u00f3lica de Dallas","article_modified_time":"2019-02-20T21:27:49+00:00","og_image":[{"url":"https:\/\/dallasbishopsappeal.com\/wp-content\/uploads\/2019\/01\/2019-Parish-Leadership-Manual-150x150.png","type":"","width":"","height":""}],"twitter_card":"summary_large_image","schema":{"@context":"https:\/\/schema.org","@graph":[{"@type":"WebPage","@id":"https:\/\/dallasbishopsappeal.com\/es\/recursos-parroquiales\/","url":"https:\/\/dallasbishopsappeal.com\/es\/recursos-parroquiales\/","name":"Recursos Parroquiales - Campa\u00f1a Anual del Obispo para Ministerios Cat\u00f3licos de la Di\u00f3cesis Cat\u00f3lica de Dallas","isPartOf":{"@id":"https:\/\/dallasbishopsappeal.com\/es\/#website"},"primaryImageOfPage":{"@id":"https:\/\/dallasbishopsappeal.com\/es\/recursos-parroquiales\/#primaryimage"},"image":{"@id":"https:\/\/dallasbishopsappeal.com\/es\/recursos-parroquiales\/#primaryimage"},"thumbnailUrl":"https:\/\/dallasbishopsappeal.com\/wp-content\/uploads\/2017\/12\/BAA-Logo-fullcolor-1.png","datePublished":"2014-02-07T22:38:02+00:00","dateModified":"2019-02-20T21:27:49+00:00","breadcrumb":{"@id":"https:\/\/dallasbishopsappeal.com\/es\/recursos-parroquiales\/#breadcrumb"},"inLanguage":"es","potentialAction":[{"@type":"ReadAction","target":["https:\/\/dallasbishopsappeal.com\/es\/recursos-parroquiales\/"]}]},{"@type":"ImageObject","inLanguage":"es","@id":"https:\/\/dallasbishopsappeal.com\/es\/recursos-parroquiales\/#primaryimage","url":"https:\/\/dallasbishopsappeal.com\/wp-content\/uploads\/2017\/12\/BAA-Logo-fullcolor-1.png","contentUrl":"https:\/\/dallasbishopsappeal.com\/wp-content\/uploads\/2017\/12\/BAA-Logo-fullcolor-1.png","width":500,"height":371},{"@type":"BreadcrumbList","@id":"https:\/\/dallasbishopsappeal.com\/es\/recursos-parroquiales\/#breadcrumb","itemListElement":[{"@type":"ListItem","position":1,"name":"Home","item":"https:\/\/dallasbishopsappeal.com\/es\/"},{"@type":"ListItem","position":2,"name":"Recursos Parroquiales"}]},{"@type":"WebSite","@id":"https:\/\/dallasbishopsappeal.com\/es\/#website","url":"https:\/\/dallasbishopsappeal.com\/es\/","name":"Bishop's Annual Appeal for Catholic Ministries","description":"","publisher":{"@id":"https:\/\/dallasbishopsappeal.com\/es\/#organization"},"potentialAction":[{"@type":"SearchAction","target":{"@type":"EntryPoint","urlTemplate":"https:\/\/dallasbishopsappeal.com\/es\/?s={search_term_string}"},"query-input":{"@type":"PropertyValueSpecification","valueRequired":true,"valueName":"search_term_string"}}],"inLanguage":"es"},{"@type":"Organization","@id":"https:\/\/dallasbishopsappeal.com\/es\/#organization","name":"Bishop's Annual Appeal for Catholic Ministries","url":"https:\/\/dallasbishopsappeal.com\/es\/","logo":{"@type":"ImageObject","inLanguage":"es","@id":"https:\/\/dallasbishopsappeal.com\/es\/#\/schema\/logo\/image\/","url":"https:\/\/dallasbishopsappeal.com\/wp-content\/uploads\/2017\/12\/BAA-Logo-fullcolor.png","contentUrl":"https:\/\/dallasbishopsappeal.com\/wp-content\/uploads\/2017\/12\/BAA-Logo-fullcolor.png","width":500,"height":371,"caption":"Bishop's Annual Appeal for Catholic Ministries"},"image":{"@id":"https:\/\/dallasbishopsappeal.com\/es\/#\/schema\/logo\/image\/"}}]}},"_links":{"self":[{"href":"https:\/\/dallasbishopsappeal.com\/es\/wp-json\/wp\/v2\/pages\/876","targetHints":{"allow":["GET"]}}],"collection":[{"href":"https:\/\/dallasbishopsappeal.com\/es\/wp-json\/wp\/v2\/pages"}],"about":[{"href":"https:\/\/dallasbishopsappeal.com\/es\/wp-json\/wp\/v2\/types\/page"}],"author":[{"embeddable":true,"href":"https:\/\/dallasbishopsappeal.com\/es\/wp-json\/wp\/v2\/users\/13"}],"replies":[{"embeddable":true,"href":"https:\/\/dallasbishopsappeal.com\/es\/wp-json\/wp\/v2\/comments?post=876"}],"version-history":[{"count":0,"href":"https:\/\/dallasbishopsappeal.com\/es\/wp-json\/wp\/v2\/pages\/876\/revisions"}],"wp:featuredmedia":[{"embeddable":true,"href":"https:\/\/dallasbishopsappeal.com\/es\/wp-json\/wp\/v2\/media\/24537"}],"wp:attachment":[{"href":"https:\/\/dallasbishopsappeal.com\/es\/wp-json\/wp\/v2\/media?parent=876"}],"curies":[{"name":"wp","href":"https:\/\/api.w.org\/{rel}","templated":true}]}}