{"id":785,"date":"2014-01-31T14:23:08","date_gmt":"2014-01-31T20:23:08","guid":{"rendered":"http:\/\/www.dallasbishopsappeal.com\/?page_id=785"},"modified":"2014-02-07T17:59:31","modified_gmt":"2014-02-07T23:59:31","slug":"ministerios-pastorales","status":"publish","type":"page","link":"https:\/\/dallasbishopsappeal.com\/es\/ministerios-pastorales\/","title":{"rendered":"Ministerios Pastorales"},"content":{"rendered":"<p>Caridades Cat\u00f3licas de Dallas es uno de los muchos ministerios pastorales que recibe apoyo operativo esencial de la Campa\u00f1a Anual del Obispo para los Ministerios Cat\u00f3licos.<\/p>\n<p><!--more--><\/p>\n<p><img class=\"aligncenter size-large wp-image-865\" alt=\"Pastoral Ministries\" src=\"http:\/\/www.dallasbishopsappeal.com\/wp-content\/uploads\/2012\/05\/patoral-ministries-1040x400-1024x393.png\" width=\"1024\" height=\"393\" srcset=\"https:\/\/dallasbishopsappeal.com\/wp-content\/uploads\/2012\/05\/patoral-ministries-1040x400-1024x393.png 1024w, https:\/\/dallasbishopsappeal.com\/wp-content\/uploads\/2012\/05\/patoral-ministries-1040x400-300x115.png 300w, https:\/\/dallasbishopsappeal.com\/wp-content\/uploads\/2012\/05\/patoral-ministries-1040x400.png 1040w\" sizes=\"(max-width: 1024px) 100vw, 1024px\" \/><\/p>\n<p>Su apoyo al programa anual diocesano, asegura que estos ministerios pastorales sigan ayudando a satisfacer las necesidades espirituales y temporales de los fieles a trav\u00e9s de nuestra Iglesia diocesana.<\/p>\n<ul>\n<li><strong>Caridades Cat\u00f3licas:<\/strong> Sirve a m\u00e1s de 10,000 familias necesitadas cada a\u00f1o a trav\u00e9s de servicios esenciales que incluyen adopci\u00f3n, despensa de comida, asistencia familiar y programas de enrriquecimiento para la tercera edad.<\/li>\n<li><strong>Ministerio Campus SMU:<\/strong> Provee consejer\u00eda y programas de alcance sacramental y educativo a los estudiantes cat\u00f3licos que asisten a Southern Methodist University.<\/li>\n<li><strong>Alcance de Evagelizaci\u00f3n:<\/strong> Brinda programas de alcance ministerial y educativo a j\u00f3venes y grupos de adultos.<\/li>\n<\/ul>\n<p>&nbsp;<\/p>\n","protected":false},"excerpt":{"rendered":"<p>Caridades Cat\u00f3licas de Dallas es uno de los muchos ministerios pastorales que recibe apoyo operativo esencial de la Campa\u00f1a Anual&#8230;<\/p>\n","protected":false},"author":13,"featured_media":660,"parent":0,"menu_order":0,"comment_status":"open","ping_status":"open","template":"","meta":{"footnotes":""},"class_list":["post-785","page","type-page","status-publish","has-post-thumbnail"],"yoast_head":"<!-- This site is optimized with the Yoast SEO plugin v26.3 - https:\/\/yoast.com\/wordpress\/plugins\/seo\/ -->\n<title>Ministerios Pastorales - Campa\u00f1a Anual del Obispo para Ministerios Cat\u00f3licos de la Di\u00f3cesis Cat\u00f3lica de Dallas<\/title>\n<meta name=\"robots\" content=\"index, follow, max-snippet:-1, max-image-preview:large, max-video-preview:-1\" \/>\n<link rel=\"canonical\" href=\"https:\/\/dallasbishopsappeal.com\/es\/ministerios-pastorales\/\" \/>\n<meta property=\"og:locale\" content=\"es_ES\" \/>\n<meta property=\"og:type\" content=\"article\" \/>\n<meta property=\"og:title\" content=\"Ministerios Pastorales - Campa\u00f1a Anual del Obispo para Ministerios Cat\u00f3licos de la Di\u00f3cesis Cat\u00f3lica de Dallas\" \/>\n<meta property=\"og:description\" content=\"Caridades Cat\u00f3licas de Dallas es uno de los muchos ministerios pastorales que recibe apoyo operativo esencial de la Campa\u00f1a Anual...\" \/>\n<meta property=\"og:url\" content=\"https:\/\/dallasbishopsappeal.com\/es\/ministerios-pastorales\/\" \/>\n<meta property=\"og:site_name\" content=\"Campa\u00f1a Anual del Obispo para Ministerios Cat\u00f3licos de la Di\u00f3cesis Cat\u00f3lica de Dallas\" \/>\n<meta property=\"article:modified_time\" content=\"2014-02-07T23:59:31+00:00\" \/>\n<meta property=\"og:image\" content=\"https:\/\/dallasbishopsappeal.com\/wp-content\/uploads\/2012\/05\/pastoral-ministries-1040x400.jpg\" \/>\n\t<meta property=\"og:image:width\" content=\"1040\" \/>\n\t<meta property=\"og:image:height\" content=\"400\" \/>\n\t<meta property=\"og:image:type\" content=\"image\/jpeg\" \/>\n<meta name=\"twitter:card\" content=\"summary_large_image\" \/>\n<meta name=\"twitter:label1\" content=\"Tiempo de lectura\" \/>\n\t<meta name=\"twitter:data1\" content=\"1 minuto\" \/>\n<script type=\"application\/ld+json\" class=\"yoast-schema-graph\">{\"@context\":\"https:\/\/schema.org\",\"@graph\":[{\"@type\":\"WebPage\",\"@id\":\"https:\/\/dallasbishopsappeal.com\/es\/ministerios-pastorales\/\",\"url\":\"https:\/\/dallasbishopsappeal.com\/es\/ministerios-pastorales\/\",\"name\":\"Ministerios Pastorales - Campa\u00f1a Anual del Obispo para Ministerios Cat\u00f3licos de la Di\u00f3cesis Cat\u00f3lica de Dallas\",\"isPartOf\":{\"@id\":\"https:\/\/dallasbishopsappeal.com\/es\/#website\"},\"primaryImageOfPage\":{\"@id\":\"https:\/\/dallasbishopsappeal.com\/es\/ministerios-pastorales\/#primaryimage\"},\"image\":{\"@id\":\"https:\/\/dallasbishopsappeal.com\/es\/ministerios-pastorales\/#primaryimage\"},\"thumbnailUrl\":\"https:\/\/dallasbishopsappeal.com\/wp-content\/uploads\/2012\/05\/pastoral-ministries-1040x400.jpg\",\"datePublished\":\"2014-01-31T20:23:08+00:00\",\"dateModified\":\"2014-02-07T23:59:31+00:00\",\"breadcrumb\":{\"@id\":\"https:\/\/dallasbishopsappeal.com\/es\/ministerios-pastorales\/#breadcrumb\"},\"inLanguage\":\"es\",\"potentialAction\":[{\"@type\":\"ReadAction\",\"target\":[\"https:\/\/dallasbishopsappeal.com\/es\/ministerios-pastorales\/\"]}]},{\"@type\":\"ImageObject\",\"inLanguage\":\"es\",\"@id\":\"https:\/\/dallasbishopsappeal.com\/es\/ministerios-pastorales\/#primaryimage\",\"url\":\"https:\/\/dallasbishopsappeal.com\/wp-content\/uploads\/2012\/05\/pastoral-ministries-1040x400.jpg\",\"contentUrl\":\"https:\/\/dallasbishopsappeal.com\/wp-content\/uploads\/2012\/05\/pastoral-ministries-1040x400.jpg\",\"width\":1040,\"height\":400,\"caption\":\"Pastoral Ministries\"},{\"@type\":\"BreadcrumbList\",\"@id\":\"https:\/\/dallasbishopsappeal.com\/es\/ministerios-pastorales\/#breadcrumb\",\"itemListElement\":[{\"@type\":\"ListItem\",\"position\":1,\"name\":\"Home\",\"item\":\"https:\/\/dallasbishopsappeal.com\/es\/\"},{\"@type\":\"ListItem\",\"position\":2,\"name\":\"Ministerios Pastorales\"}]},{\"@type\":\"WebSite\",\"@id\":\"https:\/\/dallasbishopsappeal.com\/es\/#website\",\"url\":\"https:\/\/dallasbishopsappeal.com\/es\/\",\"name\":\"Bishop's Annual Appeal for Catholic Ministries\",\"description\":\"\",\"publisher\":{\"@id\":\"https:\/\/dallasbishopsappeal.com\/es\/#organization\"},\"potentialAction\":[{\"@type\":\"SearchAction\",\"target\":{\"@type\":\"EntryPoint\",\"urlTemplate\":\"https:\/\/dallasbishopsappeal.com\/es\/?s={search_term_string}\"},\"query-input\":{\"@type\":\"PropertyValueSpecification\",\"valueRequired\":true,\"valueName\":\"search_term_string\"}}],\"inLanguage\":\"es\"},{\"@type\":\"Organization\",\"@id\":\"https:\/\/dallasbishopsappeal.com\/es\/#organization\",\"name\":\"Bishop's Annual Appeal for Catholic Ministries\",\"url\":\"https:\/\/dallasbishopsappeal.com\/es\/\",\"logo\":{\"@type\":\"ImageObject\",\"inLanguage\":\"es\",\"@id\":\"https:\/\/dallasbishopsappeal.com\/es\/#\/schema\/logo\/image\/\",\"url\":\"https:\/\/dallasbishopsappeal.com\/wp-content\/uploads\/2017\/12\/BAA-Logo-fullcolor.png\",\"contentUrl\":\"https:\/\/dallasbishopsappeal.com\/wp-content\/uploads\/2017\/12\/BAA-Logo-fullcolor.png\",\"width\":500,\"height\":371,\"caption\":\"Bishop's Annual Appeal for Catholic Ministries\"},\"image\":{\"@id\":\"https:\/\/dallasbishopsappeal.com\/es\/#\/schema\/logo\/image\/\"}}]}<\/script>\n<!-- \/ Yoast SEO plugin. -->","yoast_head_json":{"title":"Ministerios Pastorales - Campa\u00f1a Anual del Obispo para Ministerios Cat\u00f3licos de la Di\u00f3cesis Cat\u00f3lica de Dallas","robots":{"index":"index","follow":"follow","max-snippet":"max-snippet:-1","max-image-preview":"max-image-preview:large","max-video-preview":"max-video-preview:-1"},"canonical":"https:\/\/dallasbishopsappeal.com\/es\/ministerios-pastorales\/","og_locale":"es_ES","og_type":"article","og_title":"Ministerios Pastorales - Campa\u00f1a Anual del Obispo para Ministerios Cat\u00f3licos de la Di\u00f3cesis Cat\u00f3lica de Dallas","og_description":"Caridades Cat\u00f3licas de Dallas es uno de los muchos ministerios pastorales que recibe apoyo operativo esencial de la Campa\u00f1a Anual...","og_url":"https:\/\/dallasbishopsappeal.com\/es\/ministerios-pastorales\/","og_site_name":"Campa\u00f1a Anual del Obispo para Ministerios Cat\u00f3licos de la Di\u00f3cesis Cat\u00f3lica de Dallas","article_modified_time":"2014-02-07T23:59:31+00:00","og_image":[{"width":1040,"height":400,"url":"https:\/\/dallasbishopsappeal.com\/wp-content\/uploads\/2012\/05\/pastoral-ministries-1040x400.jpg","type":"image\/jpeg"}],"twitter_card":"summary_large_image","twitter_misc":{"Tiempo de lectura":"1 minuto"},"schema":{"@context":"https:\/\/schema.org","@graph":[{"@type":"WebPage","@id":"https:\/\/dallasbishopsappeal.com\/es\/ministerios-pastorales\/","url":"https:\/\/dallasbishopsappeal.com\/es\/ministerios-pastorales\/","name":"Ministerios Pastorales - Campa\u00f1a Anual del Obispo para Ministerios Cat\u00f3licos de la Di\u00f3cesis Cat\u00f3lica de Dallas","isPartOf":{"@id":"https:\/\/dallasbishopsappeal.com\/es\/#website"},"primaryImageOfPage":{"@id":"https:\/\/dallasbishopsappeal.com\/es\/ministerios-pastorales\/#primaryimage"},"image":{"@id":"https:\/\/dallasbishopsappeal.com\/es\/ministerios-pastorales\/#primaryimage"},"thumbnailUrl":"https:\/\/dallasbishopsappeal.com\/wp-content\/uploads\/2012\/05\/pastoral-ministries-1040x400.jpg","datePublished":"2014-01-31T20:23:08+00:00","dateModified":"2014-02-07T23:59:31+00:00","breadcrumb":{"@id":"https:\/\/dallasbishopsappeal.com\/es\/ministerios-pastorales\/#breadcrumb"},"inLanguage":"es","potentialAction":[{"@type":"ReadAction","target":["https:\/\/dallasbishopsappeal.com\/es\/ministerios-pastorales\/"]}]},{"@type":"ImageObject","inLanguage":"es","@id":"https:\/\/dallasbishopsappeal.com\/es\/ministerios-pastorales\/#primaryimage","url":"https:\/\/dallasbishopsappeal.com\/wp-content\/uploads\/2012\/05\/pastoral-ministries-1040x400.jpg","contentUrl":"https:\/\/dallasbishopsappeal.com\/wp-content\/uploads\/2012\/05\/pastoral-ministries-1040x400.jpg","width":1040,"height":400,"caption":"Pastoral Ministries"},{"@type":"BreadcrumbList","@id":"https:\/\/dallasbishopsappeal.com\/es\/ministerios-pastorales\/#breadcrumb","itemListElement":[{"@type":"ListItem","position":1,"name":"Home","item":"https:\/\/dallasbishopsappeal.com\/es\/"},{"@type":"ListItem","position":2,"name":"Ministerios Pastorales"}]},{"@type":"WebSite","@id":"https:\/\/dallasbishopsappeal.com\/es\/#website","url":"https:\/\/dallasbishopsappeal.com\/es\/","name":"Bishop's Annual Appeal for Catholic Ministries","description":"","publisher":{"@id":"https:\/\/dallasbishopsappeal.com\/es\/#organization"},"potentialAction":[{"@type":"SearchAction","target":{"@type":"EntryPoint","urlTemplate":"https:\/\/dallasbishopsappeal.com\/es\/?s={search_term_string}"},"query-input":{"@type":"PropertyValueSpecification","valueRequired":true,"valueName":"search_term_string"}}],"inLanguage":"es"},{"@type":"Organization","@id":"https:\/\/dallasbishopsappeal.com\/es\/#organization","name":"Bishop's Annual Appeal for Catholic Ministries","url":"https:\/\/dallasbishopsappeal.com\/es\/","logo":{"@type":"ImageObject","inLanguage":"es","@id":"https:\/\/dallasbishopsappeal.com\/es\/#\/schema\/logo\/image\/","url":"https:\/\/dallasbishopsappeal.com\/wp-content\/uploads\/2017\/12\/BAA-Logo-fullcolor.png","contentUrl":"https:\/\/dallasbishopsappeal.com\/wp-content\/uploads\/2017\/12\/BAA-Logo-fullcolor.png","width":500,"height":371,"caption":"Bishop's Annual Appeal for Catholic Ministries"},"image":{"@id":"https:\/\/dallasbishopsappeal.com\/es\/#\/schema\/logo\/image\/"}}]}},"_links":{"self":[{"href":"https:\/\/dallasbishopsappeal.com\/es\/wp-json\/wp\/v2\/pages\/785","targetHints":{"allow":["GET"]}}],"collection":[{"href":"https:\/\/dallasbishopsappeal.com\/es\/wp-json\/wp\/v2\/pages"}],"about":[{"href":"https:\/\/dallasbishopsappeal.com\/es\/wp-json\/wp\/v2\/types\/page"}],"author":[{"embeddable":true,"href":"https:\/\/dallasbishopsappeal.com\/es\/wp-json\/wp\/v2\/users\/13"}],"replies":[{"embeddable":true,"href":"https:\/\/dallasbishopsappeal.com\/es\/wp-json\/wp\/v2\/comments?post=785"}],"version-history":[{"count":0,"href":"https:\/\/dallasbishopsappeal.com\/es\/wp-json\/wp\/v2\/pages\/785\/revisions"}],"wp:featuredmedia":[{"embeddable":true,"href":"https:\/\/dallasbishopsappeal.com\/es\/wp-json\/wp\/v2\/media\/660"}],"wp:attachment":[{"href":"https:\/\/dallasbishopsappeal.com\/es\/wp-json\/wp\/v2\/media?parent=785"}],"curies":[{"name":"wp","href":"https:\/\/api.w.org\/{rel}","templated":true}]}}