{"id":1364,"date":"2018-01-31T16:08:09","date_gmt":"2018-01-31T22:08:09","guid":{"rendered":"http:\/\/dallasbishopsappeal.com\/?page_id=1364"},"modified":"2019-11-08T15:25:15","modified_gmt":"2019-11-08T21:25:15","slug":"doneahora","status":"publish","type":"page","link":"https:\/\/dallasbishopsappeal.com\/es\/doneahora\/","title":{"rendered":"Done Ahora"},"content":{"rendered":"<div class=\"one-half first\" style=\"text-align: center;\"><a class=\"button\" href=\"https:\/\/www.givecentral.org\/dallas2019\/\" target=\"_blank\" rel=\"noopener noreferrer\">DONE A LA CAMPA\u00d1A ANUAL DEL OBISPO <strong>2019<\/strong><\/a><\/div>\n<div class=\"one-half\" style=\"text-align: center;\"><a class=\"button\" href=\"https:\/\/www.givecentral.org\/dallas2020\/\" target=\"_blank\" rel=\"noopener noreferrer\">DONE A LA CAMPA\u00d1A ANUAL DEL OBISPO <strong>2020<\/strong><\/a><\/div>\n<p>&nbsp;<\/p>\n<p>Si tiene preguntas al configurar su donativo, p\u00f3ngase en contacto con la Oficina de la Campa\u00f1a del Obispo llamando al <a href=\"tel:2145282540\" target=\"_blank\" rel=\"noopener noreferrer\">(214) 528-2540<\/a> o v\u00eda correo electr\u00f3nico a <a href=\"mailto:bishopsappeal@cathdal.org\" target=\"_blank\" rel=\"noopener noreferrer\">bishopsappeal@cathdal.org<\/a>\/p><\/p>\n","protected":false},"excerpt":{"rendered":"<p>DONE A LA CAMPA\u00d1A ANUAL DEL OBISPO 2019 DONE A LA CAMPA\u00d1A ANUAL DEL OBISPO 2020 &nbsp; Si tiene preguntas&#8230;<\/p>\n","protected":false},"author":13,"featured_media":0,"parent":0,"menu_order":0,"comment_status":"closed","ping_status":"closed","template":"","meta":{"footnotes":""},"class_list":["post-1364","page","type-page","status-publish"],"yoast_head":"<!-- This site is optimized with the Yoast SEO plugin v26.3 - https:\/\/yoast.com\/wordpress\/plugins\/seo\/ -->\n<title>Done Ahora - Campa\u00f1a Anual del Obispo para Ministerios Cat\u00f3licos de la Di\u00f3cesis Cat\u00f3lica de Dallas<\/title>\n<meta name=\"robots\" content=\"index, follow, max-snippet:-1, max-image-preview:large, max-video-preview:-1\" \/>\n<link rel=\"canonical\" href=\"https:\/\/dallasbishopsappeal.com\/es\/doneahora\/\" \/>\n<meta property=\"og:locale\" content=\"es_ES\" \/>\n<meta property=\"og:type\" content=\"article\" \/>\n<meta property=\"og:title\" content=\"Done Ahora - Campa\u00f1a Anual del Obispo para Ministerios Cat\u00f3licos de la Di\u00f3cesis Cat\u00f3lica de Dallas\" \/>\n<meta property=\"og:description\" content=\"DONE A LA CAMPA\u00d1A ANUAL DEL OBISPO 2019 DONE A LA CAMPA\u00d1A ANUAL DEL OBISPO 2020 &nbsp; Si tiene preguntas...\" \/>\n<meta property=\"og:url\" content=\"https:\/\/dallasbishopsappeal.com\/es\/doneahora\/\" \/>\n<meta property=\"og:site_name\" content=\"Campa\u00f1a Anual del Obispo para Ministerios Cat\u00f3licos de la Di\u00f3cesis Cat\u00f3lica de Dallas\" \/>\n<meta property=\"article:modified_time\" content=\"2019-11-08T21:25:15+00:00\" \/>\n<meta name=\"twitter:card\" content=\"summary_large_image\" \/>\n<script type=\"application\/ld+json\" class=\"yoast-schema-graph\">{\"@context\":\"https:\/\/schema.org\",\"@graph\":[{\"@type\":\"WebPage\",\"@id\":\"https:\/\/dallasbishopsappeal.com\/es\/doneahora\/\",\"url\":\"https:\/\/dallasbishopsappeal.com\/es\/doneahora\/\",\"name\":\"Done Ahora - Campa\u00f1a Anual del Obispo para Ministerios Cat\u00f3licos de la Di\u00f3cesis Cat\u00f3lica de Dallas\",\"isPartOf\":{\"@id\":\"https:\/\/dallasbishopsappeal.com\/es\/#website\"},\"datePublished\":\"2018-01-31T22:08:09+00:00\",\"dateModified\":\"2019-11-08T21:25:15+00:00\",\"breadcrumb\":{\"@id\":\"https:\/\/dallasbishopsappeal.com\/es\/doneahora\/#breadcrumb\"},\"inLanguage\":\"es\",\"potentialAction\":[{\"@type\":\"ReadAction\",\"target\":[\"https:\/\/dallasbishopsappeal.com\/es\/doneahora\/\"]}]},{\"@type\":\"BreadcrumbList\",\"@id\":\"https:\/\/dallasbishopsappeal.com\/es\/doneahora\/#breadcrumb\",\"itemListElement\":[{\"@type\":\"ListItem\",\"position\":1,\"name\":\"Home\",\"item\":\"https:\/\/dallasbishopsappeal.com\/es\/\"},{\"@type\":\"ListItem\",\"position\":2,\"name\":\"Done Ahora\"}]},{\"@type\":\"WebSite\",\"@id\":\"https:\/\/dallasbishopsappeal.com\/es\/#website\",\"url\":\"https:\/\/dallasbishopsappeal.com\/es\/\",\"name\":\"Bishop's Annual Appeal for Catholic Ministries\",\"description\":\"\",\"publisher\":{\"@id\":\"https:\/\/dallasbishopsappeal.com\/es\/#organization\"},\"potentialAction\":[{\"@type\":\"SearchAction\",\"target\":{\"@type\":\"EntryPoint\",\"urlTemplate\":\"https:\/\/dallasbishopsappeal.com\/es\/?s={search_term_string}\"},\"query-input\":{\"@type\":\"PropertyValueSpecification\",\"valueRequired\":true,\"valueName\":\"search_term_string\"}}],\"inLanguage\":\"es\"},{\"@type\":\"Organization\",\"@id\":\"https:\/\/dallasbishopsappeal.com\/es\/#organization\",\"name\":\"Bishop's Annual Appeal for Catholic Ministries\",\"url\":\"https:\/\/dallasbishopsappeal.com\/es\/\",\"logo\":{\"@type\":\"ImageObject\",\"inLanguage\":\"es\",\"@id\":\"https:\/\/dallasbishopsappeal.com\/es\/#\/schema\/logo\/image\/\",\"url\":\"https:\/\/dallasbishopsappeal.com\/wp-content\/uploads\/2017\/12\/BAA-Logo-fullcolor.png\",\"contentUrl\":\"https:\/\/dallasbishopsappeal.com\/wp-content\/uploads\/2017\/12\/BAA-Logo-fullcolor.png\",\"width\":500,\"height\":371,\"caption\":\"Bishop's Annual Appeal for Catholic Ministries\"},\"image\":{\"@id\":\"https:\/\/dallasbishopsappeal.com\/es\/#\/schema\/logo\/image\/\"}}]}<\/script>\n<!-- \/ Yoast SEO plugin. -->","yoast_head_json":{"title":"Done Ahora - Campa\u00f1a Anual del Obispo para Ministerios Cat\u00f3licos de la Di\u00f3cesis Cat\u00f3lica de Dallas","robots":{"index":"index","follow":"follow","max-snippet":"max-snippet:-1","max-image-preview":"max-image-preview:large","max-video-preview":"max-video-preview:-1"},"canonical":"https:\/\/dallasbishopsappeal.com\/es\/doneahora\/","og_locale":"es_ES","og_type":"article","og_title":"Done Ahora - Campa\u00f1a Anual del Obispo para Ministerios Cat\u00f3licos de la Di\u00f3cesis Cat\u00f3lica de Dallas","og_description":"DONE A LA CAMPA\u00d1A ANUAL DEL OBISPO 2019 DONE A LA CAMPA\u00d1A ANUAL DEL OBISPO 2020 &nbsp; Si tiene preguntas...","og_url":"https:\/\/dallasbishopsappeal.com\/es\/doneahora\/","og_site_name":"Campa\u00f1a Anual del Obispo para Ministerios Cat\u00f3licos de la Di\u00f3cesis Cat\u00f3lica de Dallas","article_modified_time":"2019-11-08T21:25:15+00:00","twitter_card":"summary_large_image","schema":{"@context":"https:\/\/schema.org","@graph":[{"@type":"WebPage","@id":"https:\/\/dallasbishopsappeal.com\/es\/doneahora\/","url":"https:\/\/dallasbishopsappeal.com\/es\/doneahora\/","name":"Done Ahora - Campa\u00f1a Anual del Obispo para Ministerios Cat\u00f3licos de la Di\u00f3cesis Cat\u00f3lica de Dallas","isPartOf":{"@id":"https:\/\/dallasbishopsappeal.com\/es\/#website"},"datePublished":"2018-01-31T22:08:09+00:00","dateModified":"2019-11-08T21:25:15+00:00","breadcrumb":{"@id":"https:\/\/dallasbishopsappeal.com\/es\/doneahora\/#breadcrumb"},"inLanguage":"es","potentialAction":[{"@type":"ReadAction","target":["https:\/\/dallasbishopsappeal.com\/es\/doneahora\/"]}]},{"@type":"BreadcrumbList","@id":"https:\/\/dallasbishopsappeal.com\/es\/doneahora\/#breadcrumb","itemListElement":[{"@type":"ListItem","position":1,"name":"Home","item":"https:\/\/dallasbishopsappeal.com\/es\/"},{"@type":"ListItem","position":2,"name":"Done Ahora"}]},{"@type":"WebSite","@id":"https:\/\/dallasbishopsappeal.com\/es\/#website","url":"https:\/\/dallasbishopsappeal.com\/es\/","name":"Bishop's Annual Appeal for Catholic Ministries","description":"","publisher":{"@id":"https:\/\/dallasbishopsappeal.com\/es\/#organization"},"potentialAction":[{"@type":"SearchAction","target":{"@type":"EntryPoint","urlTemplate":"https:\/\/dallasbishopsappeal.com\/es\/?s={search_term_string}"},"query-input":{"@type":"PropertyValueSpecification","valueRequired":true,"valueName":"search_term_string"}}],"inLanguage":"es"},{"@type":"Organization","@id":"https:\/\/dallasbishopsappeal.com\/es\/#organization","name":"Bishop's Annual Appeal for Catholic Ministries","url":"https:\/\/dallasbishopsappeal.com\/es\/","logo":{"@type":"ImageObject","inLanguage":"es","@id":"https:\/\/dallasbishopsappeal.com\/es\/#\/schema\/logo\/image\/","url":"https:\/\/dallasbishopsappeal.com\/wp-content\/uploads\/2017\/12\/BAA-Logo-fullcolor.png","contentUrl":"https:\/\/dallasbishopsappeal.com\/wp-content\/uploads\/2017\/12\/BAA-Logo-fullcolor.png","width":500,"height":371,"caption":"Bishop's Annual Appeal for Catholic Ministries"},"image":{"@id":"https:\/\/dallasbishopsappeal.com\/es\/#\/schema\/logo\/image\/"}}]}},"_links":{"self":[{"href":"https:\/\/dallasbishopsappeal.com\/es\/wp-json\/wp\/v2\/pages\/1364","targetHints":{"allow":["GET"]}}],"collection":[{"href":"https:\/\/dallasbishopsappeal.com\/es\/wp-json\/wp\/v2\/pages"}],"about":[{"href":"https:\/\/dallasbishopsappeal.com\/es\/wp-json\/wp\/v2\/types\/page"}],"author":[{"embeddable":true,"href":"https:\/\/dallasbishopsappeal.com\/es\/wp-json\/wp\/v2\/users\/13"}],"replies":[{"embeddable":true,"href":"https:\/\/dallasbishopsappeal.com\/es\/wp-json\/wp\/v2\/comments?post=1364"}],"version-history":[{"count":0,"href":"https:\/\/dallasbishopsappeal.com\/es\/wp-json\/wp\/v2\/pages\/1364\/revisions"}],"wp:attachment":[{"href":"https:\/\/dallasbishopsappeal.com\/es\/wp-json\/wp\/v2\/media?parent=1364"}],"curies":[{"name":"wp","href":"https:\/\/api.w.org\/{rel}","templated":true}]}}